{"id":17265,"date":"2014-07-12T06:42:53","date_gmt":"2014-07-12T06:42:53","guid":{"rendered":"http:\/\/8theme.com\/demo\/royal\/?page_id=17265"},"modified":"2021-07-20T20:46:29","modified_gmt":"2021-07-20T19:46:29","slug":"jachthaven-sneek-2","status":"publish","type":"page","link":"https:\/\/jachthavensneek.nl\/de\/","title":{"rendered":"Jachthaven Sneek"},"content":{"rendered":"<p>[vc_row][vc_column width=&#8221;1\/1&#8243;][rev_slider_vc alias=&#8221;slider3&#8243;][\/vc_column][\/vc_row][vc_row css=&#8221;.vc_custom_1405148833663{margin-top: 40px !important;}&#8221; bg_type=&#8221;theme_default&#8221; bg_grad=&#8221;background: -webkit-gradient(linear, left top, left bottom, color-stop(0%, #FBFBFB), color-stop(50%, #E3E3E3), color-stop(100%, #C2C2C2));background: -moz-linear-gradient(top,#FBFBFB 0%,#E3E3E3 50%,#C2C2C2 100%);background: -webkit-linear-gradient(top,#FBFBFB 0%,#E3E3E3 50%,#C2C2C2 100%);background: -o-linear-gradient(top,#FBFBFB 0%,#E3E3E3 50%,#C2C2C2 100%);background: -ms-linear-gradient(top,#FBFBFB 0%,#E3E3E3 50%,#C2C2C2 100%);background: linear-gradient(top,#FBFBFB 0%,#E3E3E3 50%,#C2C2C2 100%);&#8221; parallax_style=&#8221;vcpb-default&#8221; bg_image_repeat=&#8221;no-repeat&#8221; bg_image_size=&#8221;cover&#8221; bg_img_attach=&#8221;fixed&#8221; parallax_sense=&#8221;30&#8243; viewport_vdo=&#8221;viewport_play&#8221; enable_controls=&#8221;display_control&#8221; bg_override=&#8221;0&#8243;][vc_column width=&#8221;1\/2&#8243;][vc_column_text css=&#8221;.vc_custom_1459005479628{padding-right: 10px !important;}&#8221;]<\/p>\n<h1 style=\"text-align: center; font-size: 32px; font-family: Roboto; font-weight: 300;\">Jachthafen Broeresloot in Sneek<\/h1>\n<hr class=\"divider break\" style=\"background: #2fb7e4;\" \/>\n<h4 style=\"text-align: center;\">Der Hafen am Stadtrand Sneeks ist nahe gelegen am Sneekermeer.<\/h4>\n<p>[\/vc_column_text][vc_row_inner el_class=&#8221;doctor-text-hover&#8221;][vc_column_inner width=&#8221;1\/1&#8243;][vc_column_text]In unserem Jachthafen k\u00f6nnen wir bis zu 100 Boote unterbringen, die hinter dem Hof gesch\u00fctzt liegen. Sehr zentral gelegen am Rande von Sneek und nah am Sneekermeer und Brekken.<\/p>\n<p>Der Hafen verf\u00fcgt \u00fcber eine ruhige Lage am Broeresloot mit Sicht auf die sch\u00f6ne friesische Landschaft. Das Netzwerk von Seen macht das Bootfahren von unserem Hof aus fantastisch. Sie sind also der Suche nach einem sch\u00f6nen Liegeplatz? Bitte kontaktieren Sie uns f\u00fcr weitere Informationen.[\/vc_column_text][vc_button title=&#8221;JETZT RESERVIEREN&#8221; target=&#8221;_self&#8221; type=&#8221;filled&#8221; size=&#8221;medium&#8221; icon=&#8221;anchor&#8221; el_class=&#8221; btn medium-btn btn-black&#8221; href=&#8221;de\/contact&#8221;][\/vc_column_inner][\/vc_row_inner][vc_empty_space height=&#8221;32px&#8221;][\/vc_column][vc_column width=&#8221;1\/2&#8243;][vc_empty_space height=&#8221;32px&#8221;][vc_single_image image=&#8221;17599&#8243; img_link_large=&#8221;&#8221; img_link_target=&#8221;_self&#8221; img_size=&#8221;full&#8221; css_animation=&#8221;left-to-right&#8221;][\/vc_column][\/vc_row][vc_row bg_type=&#8221;image&#8221; bg_grad=&#8221;background: -webkit-gradient(linear, left top, left bottom, color-stop(0%, #FBFBFB), color-stop(50%, #E3E3E3), color-stop(100%, #C2C2C2));background: -moz-linear-gradient(top,#FBFBFB 0%,#E3E3E3 50%,#C2C2C2 100%);background: -webkit-linear-gradient(top,#FBFBFB 0%,#E3E3E3 50%,#C2C2C2 100%);background: -o-linear-gradient(top,#FBFBFB 0%,#E3E3E3 50%,#C2C2C2 100%);background: -ms-linear-gradient(top,#FBFBFB 0%,#E3E3E3 50%,#C2C2C2 100%);background: linear-gradient(top,#FBFBFB 0%,#E3E3E3 50%,#C2C2C2 100%);&#8221; parallax_style=&#8221;vcpb-default&#8221; bg_image_new=&#8221;17354&#8243; bg_image_repeat=&#8221;no-repeat&#8221; bg_image_size=&#8221;cover&#8221; bg_img_attach=&#8221;fixed&#8221; parallax_sense=&#8221;30&#8243; viewport_vdo=&#8221;viewport_play&#8221; enable_controls=&#8221;display_control&#8221; bg_override=&#8221;full&#8221; css=&#8221;.vc_custom_1451050457716{margin-top: -40px !important;padding-top: 100px !important;padding-bottom: 80px !important;}&#8221; animation_direction=&#8221;left-animation&#8221; animation_repeat=&#8221;repeat&#8221; video_opts=&#8221;&#8221; disable_on_mobile_img_parallax=&#8221;off&#8221; parallax_content_sense=&#8221;30&#8243; fadeout_start_effect=&#8221;30&#8243; overlay_pattern_opacity=&#8221;80&#8243; overlay_pattern_attachment=&#8221;fixed&#8221; multi_color_overlay=&#8221;&#8221; multi_color_overlay_opacity=&#8221;60&#8243; seperator_type=&#8221;none_seperator&#8221; seperator_position=&#8221;top_seperator&#8221; seperator_shape_size=&#8221;40&#8243; seperator_svg_height=&#8221;60&#8243; seperator_shape_background=&#8221;#ffffff&#8221; seperator_shape_border=&#8221;none&#8221; seperator_shape_border_width=&#8221;1&#8243; icon_type=&#8221;no_icon&#8221; icon_size=&#8221;32&#8243; icon_style=&#8221;none&#8221; icon_color_border=&#8221;#333333&#8243; icon_border_size=&#8221;1&#8243; icon_border_radius=&#8221;500&#8243; icon_border_spacing=&#8221;50&#8243; img_width=&#8221;48&#8243; ult_hide_row_large_screen=&#8221;off&#8221; ult_hide_row_desktop=&#8221;off&#8221; ult_hide_row_tablet=&#8221;off&#8221; ult_hide_row_tablet_small=&#8221;off&#8221; ult_hide_row_mobile=&#8221;off&#8221; ult_hide_row_mobile_large=&#8221;off&#8221; el_class=&#8221;schaduw&#8221;][vc_column width=&#8221;1\/1&#8243;][vc_row_inner el_class=&#8221;doctor-team&#8221;][vc_column_inner width=&#8221;1\/3&#8243; css=&#8221;.vc_custom_1451423331955{margin-top: 20px !important;margin-right: 38px !important;margin-bottom: 20px !important;border-top-width: 20px !important;border-bottom-width: 20px !important;padding-top: 20px !important;padding-bottom: 20px !important;background-color: #fcfcfc !important;border-top-color: #ffffff !important;border-bottom-color: #ffffff !important;}&#8221;][info_list_item icon_type=&#8221;custom&#8221; icon_img=&#8221;17597&#8243; animation=&#8221;fadeIn&#8221; info_list_link_apply=&#8221;no-link&#8221; title_font_size=&#8221;16&#8243; title_font_line_height=&#8221;24&#8243; desc_font_size=&#8221;13&#8243; desc_font_line_height=&#8221;18&#8243;]<\/p>\n<h4 style=\"text-align: center;\"><a href=\"http:\/\/jachthavensneek.nl\/de\/jachthaven-sneek\/\">JACHTHAFEN <\/a><\/h4>\n<h6 style=\"text-align: center; font-family: Roboto; font-size: 12px; font-weight: 500; text-decoration: underline;\"><a href=\"http:\/\/jachthavensneek.nl\/de\/jachthaven-sneek\/\">Weiter lesen<\/a><\/h6>\n<p>[\/info_list_item][\/vc_column_inner][vc_column_inner width=&#8221;1\/3&#8243; css=&#8221;.vc_custom_1451423141102{margin-top: 20px !important;margin-right: 38px !important;margin-bottom: 20px !important;border-top-width: 20px !important;border-bottom-width: 20px !important;padding-top: 20px !important;padding-bottom: 20px !important;background-color: #fcfcfc !important;border-top-color: #ffffff !important;border-bottom-color: #ffffff !important;}&#8221;][info_list_item icon_type=&#8221;custom&#8221; icon_img=&#8221;17596&#8243; animation=&#8221;fadeIn&#8221; info_list_link_apply=&#8221;no-link&#8221; title_font_size=&#8221;16&#8243; title_font_line_height=&#8221;24&#8243; desc_font_size=&#8221;13&#8243; desc_font_line_height=&#8221;18&#8243;]<\/p>\n<h4 style=\"text-align: center;\"><a href=\"http:\/\/jachthavensneek.nl\/de\/seizoen-ligplaatsen-sneek\/\">Saisonliegepl\u00e4tze<\/a><\/h4>\n<h6 style=\"text-align: center; font-family: Roboto; font-size: 12px; font-weight: 500; font-color: #CCA362; text-decoration: underline;\"><a href=\"http:\/\/jachthavensneek.nl\/de\/seizoen-ligplaatsen-sneek\/\">Weiter lesen<\/a><\/h6>\n<p>[\/info_list_item][\/vc_column_inner][vc_column_inner width=&#8221;1\/3&#8243; css=&#8221;.vc_custom_1451423353241{margin-top: 20px !important;margin-right: 38px !important;margin-bottom: 20px !important;border-top-width: 20px !important;border-bottom-width: 20px !important;padding-top: 20px !important;padding-bottom: 20px !important;background-color: #fcfcfc !important;}&#8221;][info_list_item icon_type=&#8221;custom&#8221; icon_img=&#8221;17595&#8243; animation=&#8221;fadeIn&#8221; info_list_link_apply=&#8221;no-link&#8221; title_font_size=&#8221;16&#8243; title_font_line_height=&#8221;24&#8243; desc_font_size=&#8221;13&#8243; desc_font_line_height=&#8221;18&#8243;]<\/p>\n<h4 style=\"text-align: center;\"><a href=\"http:\/\/jachthavensneek.nl\/de\/passantenhaven-aan-de-rand-van-sneek\/\">Passantenhafen<\/a><\/h4>\n<h6 style=\"text-align: center; font-family: Roboto; font-size: 12px; font-weight: 500; text-decoration: underline;\"><a href=\"http:\/\/jachthavensneek.nl\/de\/passantenhaven-aan-de-rand-van-sneek\/\">Weiter lesen<\/a><\/h6>\n<p>[\/info_list_item][\/vc_column_inner][\/vc_row_inner][\/vc_column][\/vc_row][vc_row css=&#8221;.vc_custom_1405148833663{margin-top: 40px !important;}&#8221; bg_type=&#8221;theme_default&#8221; bg_grad=&#8221;background: -webkit-gradient(linear, left top, left bottom, color-stop(0%, #FBFBFB), color-stop(50%, #E3E3E3), color-stop(100%, #C2C2C2));background: -moz-linear-gradient(top,#FBFBFB 0%,#E3E3E3 50%,#C2C2C2 100%);background: -webkit-linear-gradient(top,#FBFBFB 0%,#E3E3E3 50%,#C2C2C2 100%);background: -o-linear-gradient(top,#FBFBFB 0%,#E3E3E3 50%,#C2C2C2 100%);background: -ms-linear-gradient(top,#FBFBFB 0%,#E3E3E3 50%,#C2C2C2 100%);background: linear-gradient(top,#FBFBFB 0%,#E3E3E3 50%,#C2C2C2 100%);&#8221; parallax_style=&#8221;vcpb-default&#8221; bg_image_repeat=&#8221;no-repeat&#8221; bg_image_size=&#8221;cover&#8221; bg_img_attach=&#8221;fixed&#8221; parallax_sense=&#8221;30&#8243; viewport_vdo=&#8221;viewport_play&#8221; enable_controls=&#8221;display_control&#8221; bg_override=&#8221;0&#8243;][vc_column width=&#8221;1\/2&#8243;][vc_column_text css=&#8221;.vc_custom_1459000999696{padding-right: 10px !important;}&#8221;]<\/p>\n<h2 style=\"text-align: center; font-size: 32px; font-family: Roboto; font-weight: 300;\">Jachthaven algemene informatie<\/h2>\n<hr class=\"divider break\" style=\"background: #2fb7e4;\" \/>\n<h4 style=\"text-align: center;\">Met vele moderne faciliteiten<\/h4>\n<p>[\/vc_column_text][vc_row_inner el_class=&#8221;doctor-text-hover&#8221;][vc_column_inner width=&#8221;1\/1&#8243;][vc_column_text]De haven is geheel gemoderniseerd. Er zijn vaste stroomaansluitingen, wateraansluitingen, ruimte toiletten en douches, verlichting op de steigers en een vuilwaterstation.<\/p>\n<p>Vanuit onze jachthaven verhuren wij ook sloepen, zeilboten en zelfs<br \/>\nEen traditioneel sk\u00fbtsje. We hebben een gezellig havencafe.<br \/>\nOok bieden wij mogelijkheden voor winterberging.[\/vc_column_text][\/vc_column_inner][\/vc_row_inner][vc_button title=&#8221;JETZT RESERVIEREN&#8221; target=&#8221;_self&#8221; type=&#8221;filled&#8221; size=&#8221;medium&#8221; icon=&#8221;anchor&#8221; el_class=&#8221; btn medium-btn btn-black&#8221; href=&#8221;contact&#8221;][vc_empty_space height=&#8221;32px&#8221;][\/vc_column][vc_column width=&#8221;1\/2&#8243;][vc_empty_space height=&#8221;32px&#8221;][vc_single_image image=&#8221;17601&#8243; img_link_large=&#8221;&#8221; img_link_target=&#8221;_self&#8221; img_size=&#8221;full&#8221; css_animation=&#8221;right-to-left&#8221;][\/vc_column][\/vc_row]<\/p>","protected":false},"excerpt":{"rendered":"<p>[vc_row][vc_column width=&#8221;1\/1&#8243;][rev_slider_vc alias=&#8221;slider3&#8243;][\/vc_column][\/vc_row][vc_row css=&#8221;.vc_custom_1405148833663{margin-top: 40px !important;}&#8221; bg_type=&#8221;theme_default&#8221; bg_grad=&#8221;background: -webkit-gradient(linear, left top, left bottom, color-stop(0%, #FBFBFB),&#8230;<\/p>\n","protected":false},"author":1,"featured_media":0,"parent":0,"menu_order":0,"comment_status":"closed","ping_status":"closed","template":"","meta":[],"yoast_head":"<!-- This site is optimized with the Yoast SEO plugin v16.7 - https:\/\/yoast.com\/wordpress\/plugins\/seo\/ -->\n<meta name=\"description\" content=\"(Nederlands) Jachthaven Sneek voor een mooie ligplaats aan de rand van het Sneekermeer. Met vele moderne voorzieningen, een gezellig havenrestaurant en pasantenhaven.\" \/>\n<meta name=\"robots\" content=\"index, follow, max-snippet:-1, max-image-preview:large, max-video-preview:-1\" \/>\n<link rel=\"canonical\" href=\"https:\/\/jachthavensneek.nl\/\" \/>\n<meta property=\"og:locale\" content=\"de_DE\" \/>\n<meta property=\"og:type\" content=\"article\" \/>\n<meta property=\"og:title\" content=\"[:nl] Jachthaven Sneek en passantenhaven \u2022 JachthavenSneek.nl[:]\" \/>\n<meta property=\"og:description\" content=\"{:nl}Jachthaven Sneek voor een mooie ligplaats aan de rand van het Sneekermeer. Met vele moderne voorzieningen, een gezellig havenrestaurant en pasantenhaven.{:}\" \/>\n<meta property=\"og:url\" content=\"https:\/\/jachthavensneek.nl\/\" \/>\n<meta property=\"og:site_name\" content=\"JachthavenSneek.nl\" \/>\n<meta property=\"article:publisher\" content=\"https:\/\/www.facebook.com\/Broeresloot\/\" \/>\n<meta property=\"article:modified_time\" content=\"2021-07-20T19:46:29+00:00\" \/>\n<meta name=\"twitter:card\" content=\"summary\" \/>\n<meta name=\"twitter:site\" content=\"@broeresloot\" \/>\n<meta name=\"twitter:label1\" content=\"Gesch\u00e4tzte Lesezeit\" \/>\n\t<meta name=\"twitter:data1\" content=\"2\u00a0Minuten\" \/>\n<script type=\"application\/ld+json\" class=\"yoast-schema-graph\">{\"@context\":\"https:\/\/schema.org\",\"@graph\":[{\"@type\":\"WebSite\",\"@id\":\"https:\/\/jachthavensneek.nl\/#website\",\"url\":\"https:\/\/jachthavensneek.nl\/\",\"name\":\"JachthavenSneek.nl\",\"description\":\"\",\"potentialAction\":[{\"@type\":\"SearchAction\",\"target\":{\"@type\":\"EntryPoint\",\"urlTemplate\":\"https:\/\/jachthavensneek.nl\/?s={search_term_string}\"},\"query-input\":\"required name=search_term_string\"}],\"inLanguage\":\"de\"},{\"@type\":\"WebPage\",\"@id\":\"https:\/\/jachthavensneek.nl\/#webpage\",\"url\":\"https:\/\/jachthavensneek.nl\/\",\"name\":\"[:nl] Jachthaven Sneek en passantenhaven \\u2022 JachthavenSneek.nl[:]\",\"isPartOf\":{\"@id\":\"https:\/\/jachthavensneek.nl\/#website\"},\"datePublished\":\"2014-07-12T06:42:53+00:00\",\"dateModified\":\"2021-07-20T19:46:29+00:00\",\"description\":\"{:nl}Jachthaven Sneek voor een mooie ligplaats aan de rand van het Sneekermeer. Met vele moderne voorzieningen, een gezellig havenrestaurant en pasantenhaven.{:}\",\"breadcrumb\":{\"@id\":\"https:\/\/jachthavensneek.nl\/#breadcrumb\"},\"inLanguage\":\"de\",\"potentialAction\":[{\"@type\":\"ReadAction\",\"target\":[\"https:\/\/jachthavensneek.nl\/\"]}]},{\"@type\":\"BreadcrumbList\",\"@id\":\"https:\/\/jachthavensneek.nl\/#breadcrumb\",\"itemListElement\":[{\"@type\":\"ListItem\",\"position\":1,\"name\":\"Home\",\"item\":\"https:\/\/jachthavensneek.nl\/\"},{\"@type\":\"ListItem\",\"position\":2,\"name\":\"Jachthaven Sneek\"}]}]}<\/script>\n<!-- \/ Yoast SEO plugin. -->","yoast_head_json":{"description":"(Nederlands) Jachthaven Sneek voor een mooie ligplaats aan de rand van het Sneekermeer. Met vele moderne voorzieningen, een gezellig havenrestaurant en pasantenhaven.","robots":{"index":"index","follow":"follow","max-snippet":"max-snippet:-1","max-image-preview":"max-image-preview:large","max-video-preview":"max-video-preview:-1"},"canonical":"https:\/\/jachthavensneek.nl\/","og_locale":"de_DE","og_type":"article","og_title":"[:nl] Jachthaven Sneek en passantenhaven \u2022 JachthavenSneek.nl[:]","og_description":"{:nl}Jachthaven Sneek voor een mooie ligplaats aan de rand van het Sneekermeer. Met vele moderne voorzieningen, een gezellig havenrestaurant en pasantenhaven.{:}","og_url":"https:\/\/jachthavensneek.nl\/","og_site_name":"JachthavenSneek.nl","article_publisher":"https:\/\/www.facebook.com\/Broeresloot\/","article_modified_time":"2021-07-20T19:46:29+00:00","twitter_card":"summary","twitter_site":"@broeresloot","twitter_misc":{"Gesch\u00e4tzte Lesezeit":"2\u00a0Minuten"},"schema":{"@context":"https:\/\/schema.org","@graph":[{"@type":"WebSite","@id":"https:\/\/jachthavensneek.nl\/#website","url":"https:\/\/jachthavensneek.nl\/","name":"JachthavenSneek.nl","description":"","potentialAction":[{"@type":"SearchAction","target":{"@type":"EntryPoint","urlTemplate":"https:\/\/jachthavensneek.nl\/?s={search_term_string}"},"query-input":"required name=search_term_string"}],"inLanguage":"de"},{"@type":"WebPage","@id":"https:\/\/jachthavensneek.nl\/#webpage","url":"https:\/\/jachthavensneek.nl\/","name":"[:nl] Jachthaven Sneek en passantenhaven \u2022 JachthavenSneek.nl[:]","isPartOf":{"@id":"https:\/\/jachthavensneek.nl\/#website"},"datePublished":"2014-07-12T06:42:53+00:00","dateModified":"2021-07-20T19:46:29+00:00","description":"{:nl}Jachthaven Sneek voor een mooie ligplaats aan de rand van het Sneekermeer. Met vele moderne voorzieningen, een gezellig havenrestaurant en pasantenhaven.{:}","breadcrumb":{"@id":"https:\/\/jachthavensneek.nl\/#breadcrumb"},"inLanguage":"de","potentialAction":[{"@type":"ReadAction","target":["https:\/\/jachthavensneek.nl\/"]}]},{"@type":"BreadcrumbList","@id":"https:\/\/jachthavensneek.nl\/#breadcrumb","itemListElement":[{"@type":"ListItem","position":1,"name":"Home","item":"https:\/\/jachthavensneek.nl\/"},{"@type":"ListItem","position":2,"name":"Jachthaven Sneek"}]}]}},"_links":{"self":[{"href":"https:\/\/jachthavensneek.nl\/de\/wp-json\/wp\/v2\/pages\/17265"}],"collection":[{"href":"https:\/\/jachthavensneek.nl\/de\/wp-json\/wp\/v2\/pages"}],"about":[{"href":"https:\/\/jachthavensneek.nl\/de\/wp-json\/wp\/v2\/types\/page"}],"author":[{"embeddable":true,"href":"https:\/\/jachthavensneek.nl\/de\/wp-json\/wp\/v2\/users\/1"}],"replies":[{"embeddable":true,"href":"https:\/\/jachthavensneek.nl\/de\/wp-json\/wp\/v2\/comments?post=17265"}],"version-history":[{"count":84,"href":"https:\/\/jachthavensneek.nl\/de\/wp-json\/wp\/v2\/pages\/17265\/revisions"}],"predecessor-version":[{"id":17749,"href":"https:\/\/jachthavensneek.nl\/de\/wp-json\/wp\/v2\/pages\/17265\/revisions\/17749"}],"wp:attachment":[{"href":"https:\/\/jachthavensneek.nl\/de\/wp-json\/wp\/v2\/media?parent=17265"}],"curies":[{"name":"wp","href":"https:\/\/api.w.org\/{rel}","templated":true}]}}