{"id":17407,"date":"2016-01-02T14:54:00","date_gmt":"2016-01-02T13:54:00","guid":{"rendered":"http:\/\/jachthavensneek.nl\/?page_id=17407"},"modified":"2017-05-29T20:21:39","modified_gmt":"2017-05-29T19:21:39","slug":"jachthaven-sneek","status":"publish","type":"page","link":"https:\/\/jachthavensneek.nl\/de\/jachthafen-am-sneek\/","title":{"rendered":"Jachthafen Sneek"},"content":{"rendered":"<p>[vc_row][vc_column width=&#8221;1\/1&#8243;][vc_column_text]<\/p>\n<div class=\"floatbox\">\n<div class=\"pos-content\">\n<div class=\"element element-textarea first last\">\n<div>\n<p>Unser Jachthafen bietet Platz f\u00fcr 100 Boote, die hinter dem Hof gesch\u00fctzt liegen. Sehr zentral am Stadtrand von Sneek nah am Sneekermeer und der Brekken.<\/p>\n<p>Der Hafen verf\u00fcgt \u00fcber eine ruhige Lage am Broeresloot mit Sicht auf die sch\u00f6ne friesische Landschaft. Das Netzwerk von Seen macht das Bootfahren von unserem Hof aus fantastisch. Der Hafen ist komplett modernisiert. Es gibt einen Stromanschluss, Wasseranschluss, ger\u00e4umige Toiletten und Duschen, Beleuchtung und eine Abwasserstation.<\/p>\n<p>Von unserem Jachthafen vermieten wir Boote, Segelboote und sogar ein traditionelles Sk\u00fbtsje .Au\u00dferdem haben wir ein gem\u00fctliches Hafen-Caf\u00e9.<\/p>\n<p>Wir bieten auch die M\u00f6glichkeit einer Winterlagerung an.<\/p>\n<\/div>\n<\/div>\n<\/div>\n<\/div>\n<p>[\/vc_column_text][vc_separator color=&#8221;grey&#8221;][\/vc_column][\/vc_row][vc_row][vc_column width=&#8221;1\/1&#8243;][vc_media_grid style=&#8221;all&#8221; items_per_page=&#8221;10&#8243; element_width=&#8221;3&#8243; gap=&#8221;10&#8243; button_style=&#8221;rounded&#8221; button_color=&#8221;blue&#8221; button_size=&#8221;md&#8221; arrows_design=&#8221;none&#8221; arrows_position=&#8221;inside&#8221; arrows_color=&#8221;blue&#8221; paging_design=&#8221;radio_dots&#8221; paging_color=&#8221;grey&#8221; loop=&#8221;&#8221; autoplay=&#8221;-1&#8243; item=&#8221;mediaGrid_Default&#8221; grid_id=&#8221;vc_gid:1455133775057-3c8ee061-0056-9&#8243; include=&#8221;17577,17573,17565,17549,17553,17534,17536,17511&#8243;][\/vc_column][\/vc_row]<\/p>","protected":false},"excerpt":{"rendered":"<p>[vc_row][vc_column width=&#8221;1\/1&#8243;][vc_column_text] Unser Jachthafen bietet Platz f\u00fcr 100 Boote, die hinter dem Hof gesch\u00fctzt liegen&#8230;.<\/p>\n","protected":false},"author":1,"featured_media":0,"parent":0,"menu_order":0,"comment_status":"closed","ping_status":"closed","template":"","meta":[],"yoast_head":"<!-- This site is optimized with the Yoast SEO plugin v16.7 - https:\/\/yoast.com\/wordpress\/plugins\/seo\/ -->\n<meta name=\"robots\" content=\"index, follow, max-snippet:-1, max-image-preview:large, max-video-preview:-1\" \/>\n<link rel=\"canonical\" href=\"https:\/\/jachthavensneek.nl\/jachthaven-sneek\/\" \/>\n<meta property=\"og:locale\" content=\"de_DE\" \/>\n<meta property=\"og:type\" content=\"article\" \/>\n<meta property=\"og:title\" content=\"Jachthafen Sneek &bull; JachthavenSneek.nl\" \/>\n<meta property=\"og:description\" content=\"[vc_row][vc_column width=&#8221;1\/1&#8243;][vc_column_text] Unser Jachthafen bietet Platz f\u00fcr 100 Boote, die hinter dem Hof gesch\u00fctzt liegen....\" \/>\n<meta property=\"og:url\" content=\"https:\/\/jachthavensneek.nl\/jachthaven-sneek\/\" \/>\n<meta property=\"og:site_name\" content=\"JachthavenSneek.nl\" \/>\n<meta property=\"article:publisher\" content=\"https:\/\/www.facebook.com\/Broeresloot\/\" \/>\n<meta property=\"article:modified_time\" content=\"2017-05-29T19:21:39+00:00\" \/>\n<meta name=\"twitter:card\" content=\"summary\" \/>\n<meta name=\"twitter:site\" content=\"@broeresloot\" \/>\n<meta name=\"twitter:label1\" content=\"Gesch\u00e4tzte Lesezeit\" \/>\n\t<meta name=\"twitter:data1\" content=\"2\u00a0Minuten\" \/>\n<script type=\"application\/ld+json\" class=\"yoast-schema-graph\">{\"@context\":\"https:\/\/schema.org\",\"@graph\":[{\"@type\":\"WebSite\",\"@id\":\"https:\/\/jachthavensneek.nl\/#website\",\"url\":\"https:\/\/jachthavensneek.nl\/\",\"name\":\"JachthavenSneek.nl\",\"description\":\"\",\"potentialAction\":[{\"@type\":\"SearchAction\",\"target\":{\"@type\":\"EntryPoint\",\"urlTemplate\":\"https:\/\/jachthavensneek.nl\/?s={search_term_string}\"},\"query-input\":\"required name=search_term_string\"}],\"inLanguage\":\"de\"},{\"@type\":\"WebPage\",\"@id\":\"https:\/\/jachthavensneek.nl\/jachthaven-sneek\/#webpage\",\"url\":\"https:\/\/jachthavensneek.nl\/jachthaven-sneek\/\",\"name\":\"Jachthafen Sneek &bull; JachthavenSneek.nl\",\"isPartOf\":{\"@id\":\"https:\/\/jachthavensneek.nl\/#website\"},\"datePublished\":\"2016-01-02T13:54:00+00:00\",\"dateModified\":\"2017-05-29T19:21:39+00:00\",\"breadcrumb\":{\"@id\":\"https:\/\/jachthavensneek.nl\/jachthaven-sneek\/#breadcrumb\"},\"inLanguage\":\"de\",\"potentialAction\":[{\"@type\":\"ReadAction\",\"target\":[\"https:\/\/jachthavensneek.nl\/jachthaven-sneek\/\"]}]},{\"@type\":\"BreadcrumbList\",\"@id\":\"https:\/\/jachthavensneek.nl\/jachthaven-sneek\/#breadcrumb\",\"itemListElement\":[{\"@type\":\"ListItem\",\"position\":1,\"name\":\"Home\",\"item\":\"https:\/\/jachthavensneek.nl\/\"},{\"@type\":\"ListItem\",\"position\":2,\"name\":\"De jachthaven van Sneek\"}]}]}<\/script>\n<!-- \/ Yoast SEO plugin. -->","yoast_head_json":{"robots":{"index":"index","follow":"follow","max-snippet":"max-snippet:-1","max-image-preview":"max-image-preview:large","max-video-preview":"max-video-preview:-1"},"canonical":"https:\/\/jachthavensneek.nl\/jachthaven-sneek\/","og_locale":"de_DE","og_type":"article","og_title":"Jachthafen Sneek &bull; JachthavenSneek.nl","og_description":"[vc_row][vc_column width=&#8221;1\/1&#8243;][vc_column_text] Unser Jachthafen bietet Platz f\u00fcr 100 Boote, die hinter dem Hof gesch\u00fctzt liegen....","og_url":"https:\/\/jachthavensneek.nl\/jachthaven-sneek\/","og_site_name":"JachthavenSneek.nl","article_publisher":"https:\/\/www.facebook.com\/Broeresloot\/","article_modified_time":"2017-05-29T19:21:39+00:00","twitter_card":"summary","twitter_site":"@broeresloot","twitter_misc":{"Gesch\u00e4tzte Lesezeit":"2\u00a0Minuten"},"schema":{"@context":"https:\/\/schema.org","@graph":[{"@type":"WebSite","@id":"https:\/\/jachthavensneek.nl\/#website","url":"https:\/\/jachthavensneek.nl\/","name":"JachthavenSneek.nl","description":"","potentialAction":[{"@type":"SearchAction","target":{"@type":"EntryPoint","urlTemplate":"https:\/\/jachthavensneek.nl\/?s={search_term_string}"},"query-input":"required name=search_term_string"}],"inLanguage":"de"},{"@type":"WebPage","@id":"https:\/\/jachthavensneek.nl\/jachthaven-sneek\/#webpage","url":"https:\/\/jachthavensneek.nl\/jachthaven-sneek\/","name":"Jachthafen Sneek &bull; JachthavenSneek.nl","isPartOf":{"@id":"https:\/\/jachthavensneek.nl\/#website"},"datePublished":"2016-01-02T13:54:00+00:00","dateModified":"2017-05-29T19:21:39+00:00","breadcrumb":{"@id":"https:\/\/jachthavensneek.nl\/jachthaven-sneek\/#breadcrumb"},"inLanguage":"de","potentialAction":[{"@type":"ReadAction","target":["https:\/\/jachthavensneek.nl\/jachthaven-sneek\/"]}]},{"@type":"BreadcrumbList","@id":"https:\/\/jachthavensneek.nl\/jachthaven-sneek\/#breadcrumb","itemListElement":[{"@type":"ListItem","position":1,"name":"Home","item":"https:\/\/jachthavensneek.nl\/"},{"@type":"ListItem","position":2,"name":"De jachthaven van Sneek"}]}]}},"_links":{"self":[{"href":"https:\/\/jachthavensneek.nl\/de\/wp-json\/wp\/v2\/pages\/17407"}],"collection":[{"href":"https:\/\/jachthavensneek.nl\/de\/wp-json\/wp\/v2\/pages"}],"about":[{"href":"https:\/\/jachthavensneek.nl\/de\/wp-json\/wp\/v2\/types\/page"}],"author":[{"embeddable":true,"href":"https:\/\/jachthavensneek.nl\/de\/wp-json\/wp\/v2\/users\/1"}],"replies":[{"embeddable":true,"href":"https:\/\/jachthavensneek.nl\/de\/wp-json\/wp\/v2\/comments?post=17407"}],"version-history":[{"count":10,"href":"https:\/\/jachthavensneek.nl\/de\/wp-json\/wp\/v2\/pages\/17407\/revisions"}],"predecessor-version":[{"id":17696,"href":"https:\/\/jachthavensneek.nl\/de\/wp-json\/wp\/v2\/pages\/17407\/revisions\/17696"}],"wp:attachment":[{"href":"https:\/\/jachthavensneek.nl\/de\/wp-json\/wp\/v2\/media?parent=17407"}],"curies":[{"name":"wp","href":"https:\/\/api.w.org\/{rel}","templated":true}]}}