{"id":17415,"date":"2016-01-02T15:24:43","date_gmt":"2016-01-02T14:24:43","guid":{"rendered":"http:\/\/jachthavensneek.nl\/jachthaven-sneek-2-2\/"},"modified":"2018-02-20T21:17:37","modified_gmt":"2018-02-20T20:17:37","slug":"passantenhaven-sneek","status":"publish","type":"page","link":"https:\/\/jachthavensneek.nl\/de\/passantenhafen-am-stadtrand-von-sneek\/","title":{"rendered":"Passantenhafen am Stadtrand von Sneek"},"content":{"rendered":"<p>[vc_row][vc_column width=&#8221;1\/1&#8243;][vc_column_text]<\/p>\n<h1 class=\"pos-title\">Passanten<\/h1>\n<div class=\"floatbox\">\n<div class=\"pos-content\">\n<div class=\"element element-textarea first last\">\n<div>\n<div>\n<p>Wir bieten Liegem\u00f6glichkeiten f\u00fcr Boote von 7 bis 14 Metern. Die G\u00e4ste k\u00f6nnen die alle Einrichtungen nutzen. Wir haben ein gro\u00dfes Erholungsfeld, f\u00fcr Spiele perfekt. In unserem Hafen Caf\u00e9 k\u00f6nnen Sie sowohl morgens ein Fr\u00fchst\u00fcck, als auch am Tag eine Kleinigkeit zu Essen oder am Abend einen Drink genie\u00dfen. Desweiteren k\u00f6nnen Sie auch Fahrr\u00e4der bei uns mieten, mit denen Sie in wenigen Minuten das Zentrum Sneeks erreichen k\u00f6nnen.<\/p>\n<h4><\/h4>\n<\/div>\n<\/div>\n<\/div>\n<\/div>\n<\/div>\n<p>[\/vc_column_text][vc_separator color=&#8221;grey&#8221;][vc_row_inner][vc_column_inner width=&#8221;1\/2&#8243;][vc_text_separator title=&#8221;Preise f\u00fcr liegepl\u00e4tze pro nacht&#8221; title_align=&#8221;separator_align_left&#8221; align=&#8221;align_center&#8221; color=&#8221;grey&#8221;][vc_raw_html]JTNDZGl2JTIwY2xhc3MlM0QlMjJ3cGJfdmNfdGFibGUlMjB3cGJfY29udGVudF9lbGVtZW50JTIyJTNFJTNDdGFibGUlMjBjbGFzcyUzRCUyMnZjLXRhYmxlLXBsdWdpbi10aGVtZS1jbGFzc2ljJTIyJTNFJTNDdGJvZHklM0UlM0N0ciUyMGNsYXNzJTNEJTIydmMtdGglMjIlM0UlM0N0ZCUyMGNsYXNzJTNEJTIydmNfdGFibGVfY2VsbCUyMiUzRSUzQ3NwYW4lMjBjbGFzcyUzRCUyMnZjX3RhYmxlX2NvbnRlbnQlMjIlM0VCb3glMjBsZW5ndGUlM0MlMkZzcGFuJTNFJTNDJTJGdGQlM0UlM0N0ZCUyMGNsYXNzJTNEJTIydmNfdGFibGVfY2VsbCUyMiUzRSUzQ3NwYW4lMjBjbGFzcyUzRCUyMnZjX3RhYmxlX2NvbnRlbnQlMjIlM0VMaWdnZWxkJTNDJTJGc3BhbiUzRSUzQyUyRnRkJTNFJTNDJTJGdHIlM0UlM0N0ciUzRSUzQ3RkJTIwY2xhc3MlM0QlMjJ2Y190YWJsZV9jZWxsJTIyJTNFJTNDc3BhbiUyMGNsYXNzJTNEJTIydmNfdGFibGVfY29udGVudCUyMiUzRWJveCUyMDcuMDAlMjB4JTIwMi4zNSUzQyUyRnNwYW4lM0UlM0MlMkZ0ZCUzRSUzQ3RkJTIwY2xhc3MlM0QlMjJ2Y190YWJsZV9jZWxsJTIyJTNFJTNDc3BhbiUyMGNsYXNzJTNEJTIydmNfdGFibGVfY29udGVudCUyMiUzRSVFMiU4MiVBQyUyMDclMkM1MCUzQyUyRnNwYW4lM0UlM0MlMkZ0ZCUzRSUzQyUyRnRyJTNFJTNDdHIlM0UlM0N0ZCUyMGNsYXNzJTNEJTIydmNfdGFibGVfY2VsbCUyMiUzRSUzQ3NwYW4lMjBjbGFzcyUzRCUyMnZjX3RhYmxlX2NvbnRlbnQlMjIlM0Vib3glMjA4LjAwJTIweCUyMDIuODUlM0MlMkZzcGFuJTNFJTNDJTJGdGQlM0UlM0N0ZCUyMGNsYXNzJTNEJTIydmNfdGFibGVfY2VsbCUyMiUzRSUzQ3NwYW4lMjBjbGFzcyUzRCUyMnZjX3RhYmxlX2NvbnRlbnQlMjIlM0UlRTIlODIlQUMlMjA4JTJDNTAlM0MlMkZzcGFuJTNFJTNDJTJGdGQlM0UlM0MlMkZ0ciUzRSUzQ3RyJTNFJTNDdGQlMjBjbGFzcyUzRCUyMnZjX3RhYmxlX2NlbGwlMjIlM0UlM0NzcGFuJTIwY2xhc3MlM0QlMjJ2Y190YWJsZV9jb250ZW50JTIyJTNFYm94JTIwOS4wMCUyMHglMjAzLjIwJTNDJTJGc3BhbiUzRSUzQyUyRnRkJTNFJTNDdGQlMjBjbGFzcyUzRCUyMnZjX3RhYmxlX2NlbGwlMjIlM0UlM0NzcGFuJTIwY2xhc3MlM0QlMjJ2Y190YWJsZV9jb250ZW50JTIyJTNFJUUyJTgyJUFDJTIwMTAlMkMwMCUzQyUyRnNwYW4lM0UlM0MlMkZ0ZCUzRSUzQyUyRnRyJTNFJTNDdHIlM0UlM0N0ZCUyMGNsYXNzJTNEJTIydmNfdGFibGVfY2VsbCUyMiUzRSUzQ3NwYW4lMjBjbGFzcyUzRCUyMnZjX3RhYmxlX2NvbnRlbnQlMjIlM0Vib3glMjAxMC4wMCUyMHglMjA0LjAwJTNDJTJGc3BhbiUzRSUzQyUyRnRkJTNFJTNDdGQlMjBjbGFzcyUzRCUyMnZjX3RhYmxlX2NlbGwlMjIlM0UlM0NzcGFuJTIwY2xhc3MlM0QlMjJ2Y190YWJsZV9jb250ZW50JTIyJTNFJUUyJTgyJUFDJTIwMTAlMkMwMCUzQyUyRnNwYW4lM0UlM0MlMkZ0ZCUzRSUzQyUyRnRyJTNFJTNDdHIlM0UlM0N0ZCUyMGNsYXNzJTNEJTIydmNfdGFibGVfY2VsbCUyMiUzRSUzQ3NwYW4lMjBjbGFzcyUzRCUyMnZjX3RhYmxlX2NvbnRlbnQlMjIlM0Vib3glMjAxMS4wMCUyMHglMjA0LjUwJTNDJTJGc3BhbiUzRSUzQyUyRnRkJTNFJTNDdGQlMjBjbGFzcyUzRCUyMnZjX3RhYmxlX2NlbGwlMjIlM0UlM0NzcGFuJTIwY2xhc3MlM0QlMjJ2Y190YWJsZV9jb250ZW50JTIyJTNFJUUyJTgyJUFDJTIwMTElMkM1MCUzQyUyRnNwYW4lM0UlM0MlMkZ0ZCUzRSUzQyUyRnRyJTNFJTNDJTJGdGJvZHklM0UlM0MlMkZ0YWJsZSUzRSUzQyUyRmRpdiUzRQ==<\/p>\n<p>[\/vc_raw_html][vc_column_text]Kurtaxe betr\u00e4gt 1,00 \u20ac pro Person pro Nacht.<\/p>\n<p>Von 5 bis 12. August (Sneekweek) 2016 zahlen Sie 1,00 \u20ac je Meter pro Nacht.<\/p>\n<p>[\/vc_column_text][vc_button title=&#8221;Jetzt reservieren!&#8221; target=&#8221;_self&#8221; type=&#8221;filled&#8221; size=&#8221;big&#8221; href=&#8221;\/contact&#8221; icon=&#8221;anchor&#8221;][\/vc_column_inner][vc_column_inner width=&#8221;1\/2&#8243;][vc_single_image image=&#8221;17595&#8243; img_link_large=&#8221;&#8221; img_link_target=&#8221;_self&#8221; img_size=&#8221;full&#8221;][\/vc_column_inner][\/vc_row_inner][\/vc_column][\/vc_row]<\/p>","protected":false},"excerpt":{"rendered":"<p>[vc_row][vc_column width=&#8221;1\/1&#8243;][vc_column_text] Passanten Wir bieten Liegem\u00f6glichkeiten f\u00fcr Boote von 7 bis 14 Metern. Die G\u00e4ste&#8230;<\/p>\n","protected":false},"author":1,"featured_media":0,"parent":0,"menu_order":0,"comment_status":"closed","ping_status":"closed","template":"","meta":[],"yoast_head":"<!-- This site is optimized with the Yoast SEO plugin v16.7 - https:\/\/yoast.com\/wordpress\/plugins\/seo\/ -->\n<meta name=\"robots\" content=\"index, follow, max-snippet:-1, max-image-preview:large, max-video-preview:-1\" \/>\n<link rel=\"canonical\" href=\"https:\/\/jachthavensneek.nl\/passantenhaven-aan-de-rand-van-sneek\/\" \/>\n<meta property=\"og:locale\" content=\"de_DE\" \/>\n<meta property=\"og:type\" content=\"article\" \/>\n<meta property=\"og:title\" content=\"Passantenhafen am Stadtrand von Sneek &bull; JachthavenSneek.nl\" \/>\n<meta property=\"og:description\" content=\"[vc_row][vc_column width=&#8221;1\/1&#8243;][vc_column_text] Passanten Wir bieten Liegem\u00f6glichkeiten f\u00fcr Boote von 7 bis 14 Metern. Die G\u00e4ste...\" \/>\n<meta property=\"og:url\" content=\"https:\/\/jachthavensneek.nl\/passantenhaven-aan-de-rand-van-sneek\/\" \/>\n<meta property=\"og:site_name\" content=\"JachthavenSneek.nl\" \/>\n<meta property=\"article:publisher\" content=\"https:\/\/www.facebook.com\/Broeresloot\/\" \/>\n<meta property=\"article:modified_time\" content=\"2018-02-20T20:17:37+00:00\" \/>\n<meta name=\"twitter:card\" content=\"summary\" \/>\n<meta name=\"twitter:site\" content=\"@broeresloot\" \/>\n<meta name=\"twitter:label1\" content=\"Gesch\u00e4tzte Lesezeit\" \/>\n\t<meta name=\"twitter:data1\" content=\"4\u00a0Minuten\" \/>\n<script type=\"application\/ld+json\" class=\"yoast-schema-graph\">{\"@context\":\"https:\/\/schema.org\",\"@graph\":[{\"@type\":\"WebSite\",\"@id\":\"https:\/\/jachthavensneek.nl\/#website\",\"url\":\"https:\/\/jachthavensneek.nl\/\",\"name\":\"JachthavenSneek.nl\",\"description\":\"\",\"potentialAction\":[{\"@type\":\"SearchAction\",\"target\":{\"@type\":\"EntryPoint\",\"urlTemplate\":\"https:\/\/jachthavensneek.nl\/?s={search_term_string}\"},\"query-input\":\"required name=search_term_string\"}],\"inLanguage\":\"de\"},{\"@type\":\"WebPage\",\"@id\":\"https:\/\/jachthavensneek.nl\/passantenhaven-aan-de-rand-van-sneek\/#webpage\",\"url\":\"https:\/\/jachthavensneek.nl\/passantenhaven-aan-de-rand-van-sneek\/\",\"name\":\"Passantenhafen am Stadtrand von Sneek &bull; JachthavenSneek.nl\",\"isPartOf\":{\"@id\":\"https:\/\/jachthavensneek.nl\/#website\"},\"datePublished\":\"2016-01-02T14:24:43+00:00\",\"dateModified\":\"2018-02-20T20:17:37+00:00\",\"breadcrumb\":{\"@id\":\"https:\/\/jachthavensneek.nl\/passantenhaven-aan-de-rand-van-sneek\/#breadcrumb\"},\"inLanguage\":\"de\",\"potentialAction\":[{\"@type\":\"ReadAction\",\"target\":[\"https:\/\/jachthavensneek.nl\/passantenhaven-aan-de-rand-van-sneek\/\"]}]},{\"@type\":\"BreadcrumbList\",\"@id\":\"https:\/\/jachthavensneek.nl\/passantenhaven-aan-de-rand-van-sneek\/#breadcrumb\",\"itemListElement\":[{\"@type\":\"ListItem\",\"position\":1,\"name\":\"Home\",\"item\":\"https:\/\/jachthavensneek.nl\/\"},{\"@type\":\"ListItem\",\"position\":2,\"name\":\"Passantenhaven aan de rand van Sneek\"}]}]}<\/script>\n<!-- \/ Yoast SEO plugin. -->","yoast_head_json":{"robots":{"index":"index","follow":"follow","max-snippet":"max-snippet:-1","max-image-preview":"max-image-preview:large","max-video-preview":"max-video-preview:-1"},"canonical":"https:\/\/jachthavensneek.nl\/passantenhaven-aan-de-rand-van-sneek\/","og_locale":"de_DE","og_type":"article","og_title":"Passantenhafen am Stadtrand von Sneek &bull; JachthavenSneek.nl","og_description":"[vc_row][vc_column width=&#8221;1\/1&#8243;][vc_column_text] Passanten Wir bieten Liegem\u00f6glichkeiten f\u00fcr Boote von 7 bis 14 Metern. Die G\u00e4ste...","og_url":"https:\/\/jachthavensneek.nl\/passantenhaven-aan-de-rand-van-sneek\/","og_site_name":"JachthavenSneek.nl","article_publisher":"https:\/\/www.facebook.com\/Broeresloot\/","article_modified_time":"2018-02-20T20:17:37+00:00","twitter_card":"summary","twitter_site":"@broeresloot","twitter_misc":{"Gesch\u00e4tzte Lesezeit":"4\u00a0Minuten"},"schema":{"@context":"https:\/\/schema.org","@graph":[{"@type":"WebSite","@id":"https:\/\/jachthavensneek.nl\/#website","url":"https:\/\/jachthavensneek.nl\/","name":"JachthavenSneek.nl","description":"","potentialAction":[{"@type":"SearchAction","target":{"@type":"EntryPoint","urlTemplate":"https:\/\/jachthavensneek.nl\/?s={search_term_string}"},"query-input":"required name=search_term_string"}],"inLanguage":"de"},{"@type":"WebPage","@id":"https:\/\/jachthavensneek.nl\/passantenhaven-aan-de-rand-van-sneek\/#webpage","url":"https:\/\/jachthavensneek.nl\/passantenhaven-aan-de-rand-van-sneek\/","name":"Passantenhafen am Stadtrand von Sneek &bull; JachthavenSneek.nl","isPartOf":{"@id":"https:\/\/jachthavensneek.nl\/#website"},"datePublished":"2016-01-02T14:24:43+00:00","dateModified":"2018-02-20T20:17:37+00:00","breadcrumb":{"@id":"https:\/\/jachthavensneek.nl\/passantenhaven-aan-de-rand-van-sneek\/#breadcrumb"},"inLanguage":"de","potentialAction":[{"@type":"ReadAction","target":["https:\/\/jachthavensneek.nl\/passantenhaven-aan-de-rand-van-sneek\/"]}]},{"@type":"BreadcrumbList","@id":"https:\/\/jachthavensneek.nl\/passantenhaven-aan-de-rand-van-sneek\/#breadcrumb","itemListElement":[{"@type":"ListItem","position":1,"name":"Home","item":"https:\/\/jachthavensneek.nl\/"},{"@type":"ListItem","position":2,"name":"Passantenhaven aan de rand van Sneek"}]}]}},"_links":{"self":[{"href":"https:\/\/jachthavensneek.nl\/de\/wp-json\/wp\/v2\/pages\/17415"}],"collection":[{"href":"https:\/\/jachthavensneek.nl\/de\/wp-json\/wp\/v2\/pages"}],"about":[{"href":"https:\/\/jachthavensneek.nl\/de\/wp-json\/wp\/v2\/types\/page"}],"author":[{"embeddable":true,"href":"https:\/\/jachthavensneek.nl\/de\/wp-json\/wp\/v2\/users\/1"}],"replies":[{"embeddable":true,"href":"https:\/\/jachthavensneek.nl\/de\/wp-json\/wp\/v2\/comments?post=17415"}],"version-history":[{"count":8,"href":"https:\/\/jachthavensneek.nl\/de\/wp-json\/wp\/v2\/pages\/17415\/revisions"}],"predecessor-version":[{"id":17730,"href":"https:\/\/jachthavensneek.nl\/de\/wp-json\/wp\/v2\/pages\/17415\/revisions\/17730"}],"wp:attachment":[{"href":"https:\/\/jachthavensneek.nl\/de\/wp-json\/wp\/v2\/media?parent=17415"}],"curies":[{"name":"wp","href":"https:\/\/api.w.org\/{rel}","templated":true}]}}