{"id":5063,"date":"2014-05-15T07:24:19","date_gmt":"2014-05-15T06:24:19","guid":{"rendered":"http:\/\/8theme.com\/dev\/royal\/?page_id=5063"},"modified":"2016-03-27T17:11:50","modified_gmt":"2016-03-27T16:11:50","slug":"contact","status":"publish","type":"page","link":"https:\/\/jachthavensneek.nl\/de\/kontakt\/","title":{"rendered":"Contact"},"content":{"rendered":"<p>[vc_row css=&#8221;.vc_custom_1400138847057{margin-top: 0px !important;}&#8221; bg_type=&#8221;theme_default&#8221; bg_grad=&#8221;background: -webkit-gradient(linear, left top, left bottom, color-stop(0%, #FBFBFB), color-stop(50%, #E3E3E3), color-stop(100%, #C2C2C2));background: -moz-linear-gradient(top,#FBFBFB 0%,#E3E3E3 50%,#C2C2C2 100%);background: -webkit-linear-gradient(top,#FBFBFB 0%,#E3E3E3 50%,#C2C2C2 100%);background: -o-linear-gradient(top,#FBFBFB 0%,#E3E3E3 50%,#C2C2C2 100%);background: -ms-linear-gradient(top,#FBFBFB 0%,#E3E3E3 50%,#C2C2C2 100%);background: linear-gradient(top,#FBFBFB 0%,#E3E3E3 50%,#C2C2C2 100%);&#8221; parallax_style=&#8221;vcpb-default&#8221; bg_image_repeat=&#8221;no-repeat&#8221; bg_image_size=&#8221;cover&#8221; bg_img_attach=&#8221;fixed&#8221; parallax_sense=&#8221;30&#8243; bg_override=&#8221;0&#8243;][vc_column width=&#8221;1\/1&#8243;][ultimate_google_map width=&#8221;100%&#8221; height=&#8221;400px&#8221; map_type=&#8221;ROADMAP&#8221; lat=&#8221;53.018201&#8243; lng=&#8221;5.693016&#8243; zoom=&#8221;14&#8243; streetviewcontrol=&#8221;true&#8221; maptypecontrol=&#8221;true&#8221; pancontrol=&#8221;true&#8221; zoomcontrol=&#8221;true&#8221; zoomcontrolsize=&#8221;LARGE&#8221; marker_icon=&#8221;custom&#8221; top_margin=&#8221;none&#8221; map_override=&#8221;full&#8221; scrollwheel=&#8221;disable&#8221; infowindow_open=&#8221;infowindow_open_value&#8221; icon_img=&#8221;17419&#8243;]<\/p>\n<div><strong>Jachthaven\u00a0Broeresloot<\/strong><br \/>\nIt Ges 10<br \/>\n8606 JK Sneek<\/div>\n<div>Tel: 0031\u00a0 515 755751<\/div>\n<p>[\/ultimate_google_map][\/vc_column][\/vc_row][vc_row][vc_column width=&#8221;1\/2&#8243;][vc_text_separator title=&#8221;Nehmen Sie Kontakt zu uns auf&#8221; title_align=&#8221;separator_align_left&#8221; color=&#8221;chino&#8221; align=&#8221;align_center&#8221;][vc_column_text]<\/p>\n        <div id=\"contactsMsgs\"><\/div>\n        <form action=\"https:\/\/jachthavensneek.nl\/de\/kontakt\/\" method=\"get\" id=\"contact-form\" class=\"contact-form \">\n            \n            <div class=\"form-group\">\n              <p class=\"form-name\">\n                <label for=\"name\" class=\"control-label\">Name and Surname <span class=\"required\">*<\/span><\/label>\n                <input type=\"text\" name=\"contact-name\" class=\"required-field form-control\" id=\"contact-name\">\n              <\/p>\n            <\/div>\n\n            <div class=\"form-group\">\n                <p class=\"form-name\">\n                  <label for=\"contact-email\" class=\"control-label\">Email <span class=\"required\">*<\/span><\/label>\n                  <input type=\"text\" name=\"contact-email\" class=\"required-field form-control\" id=\"contact-email\">\n                <\/p>\n            <\/div>\n            \n            <div class=\"form-group\">\n              <p class=\"form-name\">\n                <label for=\"contact-website\" class=\"control-label\">Website<\/label>\n                <input type=\"text\" name=\"contact-website\" class=\"form-control\" id=\"contact-website\">\n              <\/p>\n            <\/div>\n            \n\n            <div class=\"form-group\">\n              <p class=\"form-textarea\">\n                <label for=\"contact_msg\" class=\"control-label\">Message <span class=\"required\">*<\/span><\/label>\n                <textarea name=\"contact-msg\" id=\"contact-msg\" class=\"required-field form-control\" cols=\"30\" rows=\"7\"><\/textarea>\n              <\/p>\n            <\/div>\n            \n            <div class=\"captcha-block\">\n              <img src=\"https:\/\/jachthavensneek.nl\/wp-content\/themes\/royal\/framework\/inc\/really-simple-captcha\/tmp\/1246839105.png\">\n              <input type=\"text\" name=\"captcha-word\" class=\"captcha-input\">\n              <input type=\"hidden\" name=\"captcha-prefix\" value=\"1246839105\">\n            <\/div>\n            \n            <p class=\"pull-right\">\n              <input type=\"hidden\" name=\"contact-submit\" id=\"contact-submit\" value=\"true\" >\n              <span class=\"spinner\">Sending...<\/span>\n              <button class=\"btn btn-black big\" id=\"submit\" type=\"submit\">Send message<\/button>\n            <\/p>\n\n            <div class=\"clearfix\"><\/div>\n        <\/form>\n    \n<p>[\/vc_column_text][\/vc_column][vc_column width=&#8221;1\/2&#8243;][vc_column_text]<\/p>\n<h3>Kontaktinformationen Jachthafen Broeresloot<\/h3>\n<p>[\/vc_column_text][vc_column_text]<\/p>\n<p>M\u00f6chten Sie einen Saisonplatz, ein Boot oder Schlauchboot reservieren? Wir helfen Ihnen gerne weiter! Bitte kontaktieren Sie uns \u00fcber das Kontaktformular oder rufen Sie unsere Telefonnummer an. Wir hoffen, Sie bald begr\u00fc\u00dfen zu d\u00fcrfen!<\/p>\n<p>[\/vc_column_text][vc_empty_space height=&#8221;32px&#8221;][vc_row_inner][vc_column_inner width=&#8221;1\/2&#8243;][vc_raw_html]<\/p>\n<p>JTNDZGl2JTIwY2xhc3MlM0QlMjJ3cGJfd3JhcHBlciUyMiUzRSUwQSUwOSUwOSUwOSUzQ2RpdiUyMGNsYXNzJTNEJTIydGVhbS1tZW1iZXIlMjBtZW1iZXItdHlwZS0xJTIwJTIyJTNFJTNDZGl2JTIwY2xhc3MlM0QlMjJtZW1iZXItZGV0YWlscyUyMiUzRSUzQ2g0JTNFSmFjaHRoYXZlbiUyMEJyb2VyZXNsb290JTNDJTJGaDQlM0UlM0NoNSUyMGNsYXNzJTNEJTIybWVtYmVyLXBvc2l0aW9uJTIyJTNFU25lZWslM0MlMkZoNSUzRSUzQ3VsJTIwY2xhc3MlM0QlMjJtZW51LXNvY2lhbC1pY29ucyUyMiUzRSUzQ2xpJTIwY2xhc3MlM0QlMjJmaXJzdEl0ZW0lMjIlM0UlM0NhJTIwaHJlZiUzRCUyMmh0dHBzJTNBJTJGJTJGcGx1cy5nb29nbGUuY29tJTJGMTE0MDQ0NjUyNDA3NTA5Mzg5Mjc3JTJGdmlkZW9zJTIyJTNFJTNDaSUyMGNsYXNzJTNEJTIyaWNvLWdvb2dsZS1wbHVzJTIyJTNFJTNDJTJGaSUzRSUzQ3N2ZyUyMHdpZHRoJTNEJTIyMzglMjIlMjBoZWlnaHQlM0QlMjIzOCUyMiUyMHhtbG5zJTNEJTIyaHR0cCUzQSUyRiUyRnd3dy53My5vcmclMkYyMDAwJTJGc3ZnJTIyJTIwY2xhc3MlM0QlMjJjaXJjbGUlMjIlM0UlM0NjaXJjbGUlMjBjeCUzRCUyMjE5JTIyJTIwY3klM0QlMjIxOSUyMiUyMHIlM0QlMjIxOCUyMiUyMGZpbGwlM0QlMjIlMjNmZmYlMjIlMjBzdHJva2UlM0QlMjIlMjMwMDAwMDAlMjIlM0UlM0MlMkZjaXJjbGUlM0UlM0MlMkZzdmclM0UlM0MlMkZhJTNFJTNDJTJGbGklM0UlM0NsaSUzRSUzQ2ElMjBocmVmJTNEJTIyaHR0cHMlM0ElMkYlMkZ0d2l0dGVyLmNvbSUyRmJyb2VyZXNsb290JTIyJTNFJTNDaSUyMGNsYXNzJTNEJTIyaWNvLXR3aXR0ZXIlMjIlM0UlM0MlMkZpJTNFJTNDc3ZnJTIwd2lkdGglM0QlMjIzOCUyMiUyMGhlaWdodCUzRCUyMjM4JTIyJTIweG1sbnMlM0QlMjJodHRwJTNBJTJGJTJGd3d3LnczLm9yZyUyRjIwMDAlMkZzdmclMjIlMjBjbGFzcyUzRCUyMmNpcmNsZSUyMiUzRSUzQ2NpcmNsZSUyMGN4JTNEJTIyMTklMjIlMjBjeSUzRCUyMjE5JTIyJTIwciUzRCUyMjE4JTIyJTIwZmlsbCUzRCUyMiUyM2ZmZiUyMiUyMHN0cm9rZSUzRCUyMiUyMzAwMDAwMCUyMiUzRSUzQyUyRmNpcmNsZSUzRSUzQyUyRnN2ZyUzRSUzQyUyRmElM0UlM0MlMkZsaSUzRSUzQ2xpJTIwY2xhc3MlM0QlMjJsYXN0SXRlbSUyMiUzRSUzQ2ElMjBocmVmJTNEJTIyaHR0cHMlM0ElMkYlMkZ3d3cuZmFjZWJvb2suY29tJTJGcGFnZXMlMkZCcm9lcmVzbG9vdCUyRjM1MDY3NDI0MTY1MTg4NCUyMiUzRSUzQ2klMjBjbGFzcyUzRCUyMmljby1mYWNlYm9vayUyMiUzRSUzQyUyRmklM0UlM0NzdmclMjB3aWR0aCUzRCUyMjM4JTIyJTIwaGVpZ2h0JTNEJTIyMzglMjIlMjB4bWxucyUzRCUyMmh0dHAlM0ElMkYlMkZ3d3cudzMub3JnJTJGMjAwMCUyRnN2ZyUyMiUyMGNsYXNzJTNEJTIyY2lyY2xlJTIyJTNFJTNDY2lyY2xlJTIwY3glM0QlMjIxOSUyMiUyMGN5JTNEJTIyMTklMjIlMjByJTNEJTIyMTglMjIlMjBmaWxsJTNEJTIyJTIzZmZmJTIyJTIwc3Ryb2tlJTNEJTIyJTIzMDAwMDAwJTIyJTNFJTNDJTJGY2lyY2xlJTNFJTNDJTJGc3ZnJTNFJTNDJTJGYSUzRSUzQyUyRmxpJTNFJTNDJTJGdWwlM0UlM0NwJTIwY2xhc3MlM0QlMjJtZW1iZXItZW1haWwlMjIlM0UlM0NzcGFuJTNFRS1tYWlsJTNBJTNDJTJGc3BhbiUzRSUyMCUzQ2ElMjBocmVmJTNEJTIyaW5mbyU0MGphY2h0aGF2ZW5zbmVlay5ubCUyMiUzRWluZm8lNDBqYWNodGhhdmVuc25lZWsubmwlM0MlMkZhJTNFJTNDJTJGcCUzRSUzQ3AlM0UlM0MlMkZwJTNFJTBBJTNDZGl2JTNFSmFjaHRoYXZlbiUyNm5ic3AlM0JCcm9lcmVzbG9vdCUzQ2JyJTNFJTBBSXQlMjBHZXMlMjAxMCUzQ2JyJTNFJTBBODYwNiUyMEpLJTIwU25lZWslM0MlMkZkaXYlM0UlMEElM0NkaXYlMjBjbGFzcyUzRCUyMmdtLXN0eWxlLWl3JTIyJTNFJTBBJTNDZGl2JTNFJTBBJTNDZGl2JTNFJTBBJTNDZGl2JTIwY2xhc3MlM0QlMjJtYXBfaW5mb190ZXh0JTIyJTNFJTBBJTNDZGl2JTNFVGVsJTNBJTIwMDAzMSUyNm5ic3AlM0IlMjA1MTUlMjA3NTU3NTElM0MlMkZkaXYlM0UlMEElM0MlMkZkaXYlM0UlMEElM0MlMkZkaXYlM0UlMEElM0MlMkZkaXYlM0UlMEElM0MlMkZkaXYlM0UlMEElM0NwJTNFJTNDJTJGcCUzRSUzQyUyRmRpdiUzRSUzQyUyRmRpdiUzRSUwQSUwOSUwOSUzQyUyRmRpdiUzRQ==<\/p>\n<p>[\/vc_raw_html][\/vc_column_inner][vc_column_inner width=&#8221;1\/2&#8243;][vc_single_image image=&#8221;17599&#8243; img_link_large=&#8221;&#8221; img_link_target=&#8221;_self&#8221; img_size=&#8221;full&#8221;][\/vc_column_inner][\/vc_row_inner][\/vc_column][\/vc_row]<\/p>","protected":false},"excerpt":{"rendered":"<p>[vc_row css=&#8221;.vc_custom_1400138847057{margin-top: 0px !important;}&#8221; bg_type=&#8221;theme_default&#8221; bg_grad=&#8221;background: -webkit-gradient(linear, left top, left bottom, color-stop(0%, #FBFBFB), color-stop(50%, #E3E3E3),&#8230;<\/p>\n","protected":false},"author":1,"featured_media":0,"parent":0,"menu_order":0,"comment_status":"open","ping_status":"closed","template":"","meta":[],"yoast_head":"<!-- This site is optimized with the Yoast SEO plugin v16.7 - https:\/\/yoast.com\/wordpress\/plugins\/seo\/ -->\n<meta name=\"robots\" content=\"index, follow, max-snippet:-1, max-image-preview:large, max-video-preview:-1\" \/>\n<link rel=\"canonical\" href=\"https:\/\/jachthavensneek.nl\/contact\/\" \/>\n<meta property=\"og:locale\" content=\"de_DE\" \/>\n<meta property=\"og:type\" content=\"article\" \/>\n<meta property=\"og:title\" content=\"Contact &bull; JachthavenSneek.nl\" \/>\n<meta property=\"og:description\" content=\"[vc_row css=&#8221;.vc_custom_1400138847057{margin-top: 0px !important;}&#8221; bg_type=&#8221;theme_default&#8221; bg_grad=&#8221;background: -webkit-gradient(linear, left top, left bottom, color-stop(0%, #FBFBFB), color-stop(50%, #E3E3E3),...\" \/>\n<meta property=\"og:url\" content=\"https:\/\/jachthavensneek.nl\/contact\/\" \/>\n<meta property=\"og:site_name\" content=\"JachthavenSneek.nl\" \/>\n<meta property=\"article:publisher\" content=\"https:\/\/www.facebook.com\/Broeresloot\/\" \/>\n<meta property=\"article:modified_time\" content=\"2016-03-27T16:11:50+00:00\" \/>\n<meta name=\"twitter:card\" content=\"summary\" \/>\n<meta name=\"twitter:site\" content=\"@broeresloot\" \/>\n<meta name=\"twitter:label1\" content=\"Gesch\u00e4tzte Lesezeit\" \/>\n\t<meta name=\"twitter:data1\" content=\"5\u00a0Minuten\" \/>\n<script type=\"application\/ld+json\" class=\"yoast-schema-graph\">{\"@context\":\"https:\/\/schema.org\",\"@graph\":[{\"@type\":\"WebSite\",\"@id\":\"https:\/\/jachthavensneek.nl\/#website\",\"url\":\"https:\/\/jachthavensneek.nl\/\",\"name\":\"JachthavenSneek.nl\",\"description\":\"\",\"potentialAction\":[{\"@type\":\"SearchAction\",\"target\":{\"@type\":\"EntryPoint\",\"urlTemplate\":\"https:\/\/jachthavensneek.nl\/?s={search_term_string}\"},\"query-input\":\"required name=search_term_string\"}],\"inLanguage\":\"de\"},{\"@type\":\"WebPage\",\"@id\":\"https:\/\/jachthavensneek.nl\/contact\/#webpage\",\"url\":\"https:\/\/jachthavensneek.nl\/contact\/\",\"name\":\"Contact &bull; JachthavenSneek.nl\",\"isPartOf\":{\"@id\":\"https:\/\/jachthavensneek.nl\/#website\"},\"datePublished\":\"2014-05-15T06:24:19+00:00\",\"dateModified\":\"2016-03-27T16:11:50+00:00\",\"breadcrumb\":{\"@id\":\"https:\/\/jachthavensneek.nl\/contact\/#breadcrumb\"},\"inLanguage\":\"de\",\"potentialAction\":[{\"@type\":\"ReadAction\",\"target\":[\"https:\/\/jachthavensneek.nl\/contact\/\"]}]},{\"@type\":\"BreadcrumbList\",\"@id\":\"https:\/\/jachthavensneek.nl\/contact\/#breadcrumb\",\"itemListElement\":[{\"@type\":\"ListItem\",\"position\":1,\"name\":\"Home\",\"item\":\"https:\/\/jachthavensneek.nl\/\"},{\"@type\":\"ListItem\",\"position\":2,\"name\":\"Contact\"}]}]}<\/script>\n<!-- \/ Yoast SEO plugin. -->","yoast_head_json":{"robots":{"index":"index","follow":"follow","max-snippet":"max-snippet:-1","max-image-preview":"max-image-preview:large","max-video-preview":"max-video-preview:-1"},"canonical":"https:\/\/jachthavensneek.nl\/contact\/","og_locale":"de_DE","og_type":"article","og_title":"Contact &bull; JachthavenSneek.nl","og_description":"[vc_row css=&#8221;.vc_custom_1400138847057{margin-top: 0px !important;}&#8221; bg_type=&#8221;theme_default&#8221; bg_grad=&#8221;background: -webkit-gradient(linear, left top, left bottom, color-stop(0%, #FBFBFB), color-stop(50%, #E3E3E3),...","og_url":"https:\/\/jachthavensneek.nl\/contact\/","og_site_name":"JachthavenSneek.nl","article_publisher":"https:\/\/www.facebook.com\/Broeresloot\/","article_modified_time":"2016-03-27T16:11:50+00:00","twitter_card":"summary","twitter_site":"@broeresloot","twitter_misc":{"Gesch\u00e4tzte Lesezeit":"5\u00a0Minuten"},"schema":{"@context":"https:\/\/schema.org","@graph":[{"@type":"WebSite","@id":"https:\/\/jachthavensneek.nl\/#website","url":"https:\/\/jachthavensneek.nl\/","name":"JachthavenSneek.nl","description":"","potentialAction":[{"@type":"SearchAction","target":{"@type":"EntryPoint","urlTemplate":"https:\/\/jachthavensneek.nl\/?s={search_term_string}"},"query-input":"required name=search_term_string"}],"inLanguage":"de"},{"@type":"WebPage","@id":"https:\/\/jachthavensneek.nl\/contact\/#webpage","url":"https:\/\/jachthavensneek.nl\/contact\/","name":"Contact &bull; JachthavenSneek.nl","isPartOf":{"@id":"https:\/\/jachthavensneek.nl\/#website"},"datePublished":"2014-05-15T06:24:19+00:00","dateModified":"2016-03-27T16:11:50+00:00","breadcrumb":{"@id":"https:\/\/jachthavensneek.nl\/contact\/#breadcrumb"},"inLanguage":"de","potentialAction":[{"@type":"ReadAction","target":["https:\/\/jachthavensneek.nl\/contact\/"]}]},{"@type":"BreadcrumbList","@id":"https:\/\/jachthavensneek.nl\/contact\/#breadcrumb","itemListElement":[{"@type":"ListItem","position":1,"name":"Home","item":"https:\/\/jachthavensneek.nl\/"},{"@type":"ListItem","position":2,"name":"Contact"}]}]}},"_links":{"self":[{"href":"https:\/\/jachthavensneek.nl\/de\/wp-json\/wp\/v2\/pages\/5063"}],"collection":[{"href":"https:\/\/jachthavensneek.nl\/de\/wp-json\/wp\/v2\/pages"}],"about":[{"href":"https:\/\/jachthavensneek.nl\/de\/wp-json\/wp\/v2\/types\/page"}],"author":[{"embeddable":true,"href":"https:\/\/jachthavensneek.nl\/de\/wp-json\/wp\/v2\/users\/1"}],"replies":[{"embeddable":true,"href":"https:\/\/jachthavensneek.nl\/de\/wp-json\/wp\/v2\/comments?post=5063"}],"version-history":[{"count":16,"href":"https:\/\/jachthavensneek.nl\/de\/wp-json\/wp\/v2\/pages\/5063\/revisions"}],"predecessor-version":[{"id":17687,"href":"https:\/\/jachthavensneek.nl\/de\/wp-json\/wp\/v2\/pages\/5063\/revisions\/17687"}],"wp:attachment":[{"href":"https:\/\/jachthavensneek.nl\/de\/wp-json\/wp\/v2\/media?parent=5063"}],"curies":[{"name":"wp","href":"https:\/\/api.w.org\/{rel}","templated":true}]}}